{"id":528,"date":"2017-10-26T03:43:34","date_gmt":"2017-10-26T00:43:34","guid":{"rendered":"https:\/\/2017.riga.wordcamp.org\/?page_id=528"},"modified":"2017-10-26T03:43:34","modified_gmt":"2017-10-26T00:43:34","slug":"speakers","status":"publish","type":"page","link":"https:\/\/riga.wordcamp.org\/2017\/speakers\/","title":{"rendered":"Speakers"},"content":{"rendered":"\n\t<div class=\"wcorg-speakers\">\n\n\t\t\n\t\t\t<!-- Organizers note: The id attribute is deprecated and only remains for backwards compatibility, please use the corresponding class to target individual speakers -->\n\t\t\t<div id=\"wcorg-speaker-jonathan-howard\" class=\"wcorg-speaker wcorg-speaker-jonathan-howard wcorg-track-business-and-inspirational wcorg-track-development\">\n\t\t\t\t<h2>\n\t\t\t\t\t\n\t\t\t\t\t\tJonathan Howard\n\t\t\t\t\t\t\t\t\t<\/h2>\n\n\t\t\t\t<div class=\"wcorg-speaker-description\">\n\t\t\t\t\t<img alt='' src='https:\/\/secure.gravatar.com\/avatar\/b31c02edd8651296f02d1f38ad23e3c4fb0f47b19e25f9d5faf23c088fc82c31?s=100&#038;d=mm&#038;r=g' srcset='https:\/\/secure.gravatar.com\/avatar\/b31c02edd8651296f02d1f38ad23e3c4fb0f47b19e25f9d5faf23c088fc82c31?s=200&#038;d=mm&#038;r=g 2x' class='avatar avatar-100 photo' height='100' width='100' \/>\t\t\t\t\t<p>Topic:\u00a0<strong>Cracking the Tribal Code \u2013 create strong emotional bonds among online communities<\/strong><\/p>\n<p>Former archaeologist, strategic planner at major advertising agencies, theatre trainer and improviser. Now teaching creativity, leadership and strategy to startups, ad agencies and others.<\/p>\n<p>Jonathan surprises and delights us always with his creativity and with the insights from marketing that he luckily shares with his audience. As our keynote speaker he will be a highlight of WordCamp Riga.<\/p>\n<p>His presentation\u00a0will be valuable for anyone who wants to build a user base, follower base or community, either for yourself or for your clients.<\/p>\n\t\t\t\t<\/div>\n\t\t\t<\/div>\n\n\t\t\n\t\t\t<!-- Organizers note: The id attribute is deprecated and only remains for backwards compatibility, please use the corresponding class to target individual speakers -->\n\t\t\t<div id=\"wcorg-speaker-carlo-becchi\" class=\"wcorg-speaker wcorg-speaker-carlo-becchi wcorg-track-business-and-inspirational\">\n\t\t\t\t<h2>\n\t\t\t\t\t\n\t\t\t\t\t\tCarlo Becchi\n\t\t\t\t\t\t\t\t\t<\/h2>\n\n\t\t\t\t<div class=\"wcorg-speaker-description\">\n\t\t\t\t\t<img alt='' src='https:\/\/secure.gravatar.com\/avatar\/c7bdcc4f555ba00b616f6016ab091467a632f576cfcd17f76852931b5b4b0644?s=100&#038;d=mm&#038;r=g' srcset='https:\/\/secure.gravatar.com\/avatar\/c7bdcc4f555ba00b616f6016ab091467a632f576cfcd17f76852931b5b4b0644?s=200&#038;d=mm&#038;r=g 2x' class='avatar avatar-100 photo' height='100' width='100' \/>\t\t\t\t\t<p>Topic:\u00a0<strong>The Corporate WordPress Experience<\/strong>.<\/p>\n<p>The speech will give an insight of the activities of designing, developing and managing WordPress websites for corporate clients, a rewarding market full of opportunities and challenges.<\/p>\n<p>Carlo is Partner &amp; Head of Development of <a href=\"http:\/\/www.77agency.com\/\" rel=\"nofollow\">77Agency<\/a>, an award-winning independent full-service digital agency founded in 2003, headquartered in London with offices in Riga, Milan, Rome, Frankfurt, Moscow and Los Angeles.<\/p>\n<p>Italian, he moved to Latvia in 2010 to lead the development team for Client\u2019s Products in the agency\u2019s central Research &amp; Development center, opened in Riga in 2006. WordPress is a key platform for 77Agency\u2019s web development activities.<\/p>\n<p>&nbsp;<\/p>\n\t\t\t\t<\/div>\n\t\t\t<\/div>\n\n\t\t\n\t\t\t<!-- Organizers note: The id attribute is deprecated and only remains for backwards compatibility, please use the corresponding class to target individual speakers -->\n\t\t\t<div id=\"wcorg-speaker-toms-varpins\" class=\"wcorg-speaker wcorg-speaker-toms-varpins wcorg-track-business-and-inspirational\">\n\t\t\t\t<h2>\n\t\t\t\t\t\n\t\t\t\t\t\tToms V\u0101rpi\u0146\u0161\n\t\t\t\t\t\t\t\t\t<\/h2>\n\n\t\t\t\t<div class=\"wcorg-speaker-description\">\n\t\t\t\t\t<img alt='' src='https:\/\/secure.gravatar.com\/avatar\/cefaa634d2a3b24b6d6a16097cace28ec4ef6d03c024aa366aff819c83c1763b?s=100&#038;d=mm&#038;r=g' srcset='https:\/\/secure.gravatar.com\/avatar\/cefaa634d2a3b24b6d6a16097cace28ec4ef6d03c024aa366aff819c83c1763b?s=200&#038;d=mm&#038;r=g 2x' class='avatar avatar-100 photo' height='100' width='100' \/>\t\t\t\t\t<p>Topic:\u00a0<strong>The Benefits of Messaging<\/strong><\/p>\n<p>A common issue businesses have with their customers is miscommunication or to be more precise lack of understanding what customers actually want. The presentation will focus on identifying the problem audience has and how to solve it in a manner that makes sense.<\/p>\n<p>Doer of things at tawk.to with a passion for UX and advocate of making sense. Previous experience in the industry ranges from client support, understanding business inefficiencies and solving them with software as well as helping teams deliver projects of different scales.<\/p>\n\t\t\t\t<\/div>\n\t\t\t<\/div>\n\n\t\t\n\t\t\t<!-- Organizers note: The id attribute is deprecated and only remains for backwards compatibility, please use the corresponding class to target individual speakers -->\n\t\t\t<div id=\"wcorg-speaker-kaspars-dambis\" class=\"wcorg-speaker wcorg-speaker-kaspars-dambis wcorg-track-development\">\n\t\t\t\t<h2>\n\t\t\t\t\t\n\t\t\t\t\t\tKaspars Dambis\n\t\t\t\t\t\t\t\t\t<\/h2>\n\n\t\t\t\t<div class=\"wcorg-speaker-description\">\n\t\t\t\t\t<img alt='' src='https:\/\/secure.gravatar.com\/avatar\/3fd94991250a881d01bd1a9e8bb256f8c46252fd7a60b7c0be7602f50de2b3ea?s=100&#038;d=mm&#038;r=g' srcset='https:\/\/secure.gravatar.com\/avatar\/3fd94991250a881d01bd1a9e8bb256f8c46252fd7a60b7c0be7602f50de2b3ea?s=200&#038;d=mm&#038;r=g 2x' class='avatar avatar-100 photo' height='100' width='100' \/>\t\t\t\t\t<p>Topic:\u00a0<strong>How to Write Better Code Automatically<\/strong><br \/>\nLearn how to quickly and easily add test, coding standard and continuous integration (CI) support to your WordPress theme or plugin.<\/p>\n<p>Bio:\u00a0Kaspars is a professional WordPress developer and core contributor working at <a href=\"https:\/\/xwp.co\" target=\"_blank\" rel=\"noopener\">XWP<\/a> from home in Riga solving the toughest web publishing challenges for some of the largest online publishers. He has created many free and paid WordPress plugins, themes and developer tools, and has been blogging about all of that at <a href=\"https:\/\/kaspars.net\" target=\"_blank\" rel=\"noopener\">https:\/\/kaspars.net<\/a> since 2007.<\/p>\n\t\t\t\t<\/div>\n\t\t\t<\/div>\n\n\t\t\n\t\t\t<!-- Organizers note: The id attribute is deprecated and only remains for backwards compatibility, please use the corresponding class to target individual speakers -->\n\t\t\t<div id=\"wcorg-speaker-frank-leusing\" class=\"wcorg-speaker wcorg-speaker-frank-leusing wcorg-track-business-and-inspirational\">\n\t\t\t\t<h2>\n\t\t\t\t\t\n\t\t\t\t\t\tFrank Leusing\n\t\t\t\t\t\t\t\t\t<\/h2>\n\n\t\t\t\t<div class=\"wcorg-speaker-description\">\n\t\t\t\t\t<img alt='' src='https:\/\/secure.gravatar.com\/avatar\/8d6e747d6d2dbac750c7522a46298a01ef3b6a794af0f7c6dcad35bf3ba0ed4b?s=100&#038;d=mm&#038;r=g' srcset='https:\/\/secure.gravatar.com\/avatar\/8d6e747d6d2dbac750c7522a46298a01ef3b6a794af0f7c6dcad35bf3ba0ed4b?s=200&#038;d=mm&#038;r=g 2x' class='avatar avatar-100 photo' height='100' width='100' \/>\t\t\t\t\t<p>Topic: <strong>What you need to know to sell web design to the German market.\u00a0<\/strong><strong>And how to avoid expensive errors.<\/strong><\/p>\n<p>The German web design market is huge and very attractive for many foreign agencies and freelancers. But make sure you know the rules and legal regulations of the German web design business to avoid a lot of trouble and unhappy clients.<\/p>\n<p>Frank\u00a0is\u00a0<a href=\"https:\/\/leusing.de\/webdesign-muenster\" rel=\"noopener\">webdesigner<\/a>\u00a0and WordPress developer from M\u00fcnster, Germany.<\/p>\n\t\t\t\t<\/div>\n\t\t\t<\/div>\n\n\t\t\n\t\t\t<!-- Organizers note: The id attribute is deprecated and only remains for backwards compatibility, please use the corresponding class to target individual speakers -->\n\t\t\t<div id=\"wcorg-speaker-michael-kondurov\" class=\"wcorg-speaker wcorg-speaker-michael-kondurov wcorg-track-business-and-inspirational wcorg-track-development\">\n\t\t\t\t<h2>\n\t\t\t\t\t\n\t\t\t\t\t\tMichael Kondurov\n\t\t\t\t\t\t\t\t\t<\/h2>\n\n\t\t\t\t<div class=\"wcorg-speaker-description\">\n\t\t\t\t\t<img alt='' src='https:\/\/secure.gravatar.com\/avatar\/c16be7b971564fadc8f59547d20eb7254f95f8d3bcd03caa316475a8922d958e?s=100&#038;d=mm&#038;r=g' srcset='https:\/\/secure.gravatar.com\/avatar\/c16be7b971564fadc8f59547d20eb7254f95f8d3bcd03caa316475a8922d958e?s=200&#038;d=mm&#038;r=g 2x' class='avatar avatar-100 photo' height='100' width='100' \/>\t\t\t\t\t<p>Topic:\u00a0<strong>What You might not know about promoting &amp; monetizing your site.<\/strong><\/p>\n<p>Bio: Michael Kondurov is a Platform Operations Lead at Lifestreet Media, what delivers breakthrough monetization levels for publishers and extraordinary volumes of engaged users for advertisers. He was a guest lecturer at Cal State University and Stanford University.<\/p>\n<p>Michael has been within Lifestreet Media since the beginning and saw how technology evolved since then. He is excited about more and more sites are moving towards WordPress. Taking into account his expertise in Online marketing, Michael would like to share some knowledge on what strategies to use in order to promote your site and what monetization techniques are the most common right now.<\/p>\n\t\t\t\t<\/div>\n\t\t\t<\/div>\n\n\t\t\n\t\t\t<!-- Organizers note: The id attribute is deprecated and only remains for backwards compatibility, please use the corresponding class to target individual speakers -->\n\t\t\t<div id=\"wcorg-speaker-bjorn-johansen\" class=\"wcorg-speaker wcorg-speaker-bjorn-johansen wcorg-track-development\">\n\t\t\t\t<h2>\n\t\t\t\t\t\n\t\t\t\t\t\tBj\u00f8rn Johansen\n\t\t\t\t\t\t\t\t\t<\/h2>\n\n\t\t\t\t<div class=\"wcorg-speaker-description\">\n\t\t\t\t\t<img alt='' src='https:\/\/secure.gravatar.com\/avatar\/ba0d2e358a8e380c07e3d8d40dd9f58169de7bf544bcb4608ef734918882d9e3?s=100&#038;d=mm&#038;r=g' srcset='https:\/\/secure.gravatar.com\/avatar\/ba0d2e358a8e380c07e3d8d40dd9f58169de7bf544bcb4608ef734918882d9e3?s=200&#038;d=mm&#038;r=g 2x' class='avatar avatar-100 photo' height='100' width='100' \/>\t\t\t\t\t<p>Topic:\u00a0<strong>Create and Maintain a Secure WP Environment<\/strong><\/p>\n<p>With more than 16 years of experience from the web industry, Bj\u00f8rn has touched many areas such as development, consulting, training, project management, client support, and DevOps. Currently, he is a senior developer at Dekode, a WordPress.com VIP Service Partner agency in Norway.<\/p>\n<p>At WordCamp Riga he will talk about\u00a0the processes and layers to secure your WordPress environment. There will be ideas for all kinds of WordPress professionals (developers, project managers, site owners etc.) to pick up.<\/p>\n\t\t\t\t<\/div>\n\t\t\t<\/div>\n\n\t\t\n\t\t\t<!-- Organizers note: The id attribute is deprecated and only remains for backwards compatibility, please use the corresponding class to target individual speakers -->\n\t\t\t<div id=\"wcorg-speaker-karlis-ievins\" class=\"wcorg-speaker wcorg-speaker-karlis-ievins wcorg-track-development\">\n\t\t\t\t<h2>\n\t\t\t\t\t\n\t\t\t\t\t\tKarlis Ievins\n\t\t\t\t\t\t\t\t\t<\/h2>\n\n\t\t\t\t<div class=\"wcorg-speaker-description\">\n\t\t\t\t\t<img alt='' src='https:\/\/secure.gravatar.com\/avatar\/80023d968274d963923edd10c5efbc47e8cbffc76e7785ef64374f10930ffcd4?s=100&#038;d=mm&#038;r=g' srcset='https:\/\/secure.gravatar.com\/avatar\/80023d968274d963923edd10c5efbc47e8cbffc76e7785ef64374f10930ffcd4?s=200&#038;d=mm&#038;r=g 2x' class='avatar avatar-100 photo' height='100' width='100' \/>\t\t\t\t\t<p>Topic:\u00a0<strong>Building a print-on-demand store with WordPress &amp; WooCommerce<\/strong><\/p>\n<p>Bio:\u00a0I&#8217;m an experienced web developer that enjoys getting deeply involved in all aspects of building and running online businesses &#8211; coding, new product development, designing user experience, marketing, strategy and project management. My primary focus is e-commerce software development.<\/p>\n\t\t\t\t<\/div>\n\t\t\t<\/div>\n\n\t\t\n\t\t\t<!-- Organizers note: The id attribute is deprecated and only remains for backwards compatibility, please use the corresponding class to target individual speakers -->\n\t\t\t<div id=\"wcorg-speaker-arunas-liuiza\" class=\"wcorg-speaker wcorg-speaker-arunas-liuiza wcorg-track-development\">\n\t\t\t\t<h2>\n\t\t\t\t\t\n\t\t\t\t\t\tArunas Liuiza\n\t\t\t\t\t\t\t\t\t<\/h2>\n\n\t\t\t\t<div class=\"wcorg-speaker-description\">\n\t\t\t\t\t<img alt='' src='https:\/\/secure.gravatar.com\/avatar\/d320b38d0da6c82db92febf7de5f4d27aef642942e13cc5f87b2d0e76e3e5bff?s=100&#038;d=mm&#038;r=g' srcset='https:\/\/secure.gravatar.com\/avatar\/d320b38d0da6c82db92febf7de5f4d27aef642942e13cc5f87b2d0e76e3e5bff?s=200&#038;d=mm&#038;r=g 2x' class='avatar avatar-100 photo' height='100' width='100' \/>\t\t\t\t\t<p style=\"text-align: left\">Topic:\u00a0<strong>WordPress child themes<\/strong>.<\/p>\n<p>Bio: Arunas is an experienced WordPress plugin developer. He has been working with WordPress since version 2.6.3 and has developed a number of free, premium and custom plugins. Arunas has 14 years of experience in Web development and has been teaching at Kaunas College for 8 years. He is a WordPress Core Contributor, WordPress Kaunas Meetup co-organizer, WordCamp (Lithuania, Riga, Stockholm) speaker and one of the editors of the Lithuanian WordPress translation team.<\/p>\n\t\t\t\t<\/div>\n\t\t\t<\/div>\n\n\t\t\n\t\t\t<!-- Organizers note: The id attribute is deprecated and only remains for backwards compatibility, please use the corresponding class to target individual speakers -->\n\t\t\t<div id=\"wcorg-speaker-zane-enina\" class=\"wcorg-speaker wcorg-speaker-zane-enina wcorg-track-business-and-inspirational\">\n\t\t\t\t<h2>\n\t\t\t\t\t\n\t\t\t\t\t\tZane Eni\u0146a\n\t\t\t\t\t\t\t\t\t<\/h2>\n\n\t\t\t\t<div class=\"wcorg-speaker-description\">\n\t\t\t\t\t<img alt='' src='https:\/\/secure.gravatar.com\/avatar\/42e634e46a85ad9310221800e5ea5eb2cb06313ca849d8a6089219dd7c715093?s=100&#038;d=mm&#038;r=g' srcset='https:\/\/secure.gravatar.com\/avatar\/42e634e46a85ad9310221800e5ea5eb2cb06313ca849d8a6089219dd7c715093?s=200&#038;d=mm&#038;r=g 2x' class='avatar avatar-100 photo' height='100' width='100' \/>\t\t\t\t\t<p style=\"text-align: left\">Topic:\u00a0<strong>Let&#8217;s blog! (Or maybe not)<\/strong><\/p>\n<p style=\"text-align: left\">How to create a blog? Should you? What benefits does it bring? What problems you might face if you are &#8220;Just a User&#8221;.<\/p>\n<p>Bio: Zane Eni\u0146a is a communication and traveling professional. Her CV includes 15 years of work in a communication area in Latvia and 5 years of blogging around the world.\u00a0Zane will share her experience traveling and blogging with WordPress.<\/p>\n\t\t\t\t<\/div>\n\t\t\t<\/div>\n\n\t\t\n\t\t\t<!-- Organizers note: The id attribute is deprecated and only remains for backwards compatibility, please use the corresponding class to target individual speakers -->\n\t\t\t<div id=\"wcorg-speaker-vova-feldman\" class=\"wcorg-speaker wcorg-speaker-vova-feldman wcorg-track-business-and-inspirational wcorg-track-development\">\n\t\t\t\t<h2>\n\t\t\t\t\t\n\t\t\t\t\t\tVova Feldman\n\t\t\t\t\t\t\t\t\t<\/h2>\n\n\t\t\t\t<div class=\"wcorg-speaker-description\">\n\t\t\t\t\t<img alt='' src='https:\/\/secure.gravatar.com\/avatar\/91b64177970652835222b81393ff44cc8e4c63b9f8573b25631133e5fb7ca753?s=100&#038;d=mm&#038;r=g' srcset='https:\/\/secure.gravatar.com\/avatar\/91b64177970652835222b81393ff44cc8e4c63b9f8573b25631133e5fb7ca753?s=200&#038;d=mm&#038;r=g 2x' class='avatar avatar-100 photo' height='100' width='100' \/>\t\t\t\t\t<p style=\"text-align: left\">Topic:\u00a0<strong>How to Build a Sustainable Plugin or Theme Business in The Subscription Economy<\/strong><\/p>\n<p>Bio: A serial entrepreneur and full-stack developer who loves to turn dreams into reality. Passionate about helping fellow plugin &amp; theme developers to become more data-driven and building prosperous subscription-based businesses while working on products with Freemius.com.<\/p>\n\t\t\t\t<\/div>\n\t\t\t<\/div>\n\n\t\t\n\t\t\t<!-- Organizers note: The id attribute is deprecated and only remains for backwards compatibility, please use the corresponding class to target individual speakers -->\n\t\t\t<div id=\"wcorg-speaker-justina-baskyte\" class=\"wcorg-speaker wcorg-speaker-justina-baskyte wcorg-track-development\">\n\t\t\t\t<h2>\n\t\t\t\t\t\n\t\t\t\t\t\tJustina Baskyte\n\t\t\t\t\t\t\t\t\t<\/h2>\n\n\t\t\t\t<div class=\"wcorg-speaker-description\">\n\t\t\t\t\t<img alt='' src='https:\/\/secure.gravatar.com\/avatar\/610427c3ead0750551e7dde3d4c452bc103617360e34286744dcf9f60b4d8f32?s=100&#038;d=mm&#038;r=g' srcset='https:\/\/secure.gravatar.com\/avatar\/610427c3ead0750551e7dde3d4c452bc103617360e34286744dcf9f60b4d8f32?s=200&#038;d=mm&#038;r=g 2x' class='avatar avatar-100 photo' height='100' width='100' \/>\t\t\t\t\t<p style=\"text-align: left\">Topic:\u00a0<strong>Beginners guide to WooCommerce<\/strong><\/p>\n<p>Bio: I fell in love with WordPress more than 10 years ago and never looked back. Threw my economics diploma and job in retail through the window and started making websites. Today I am a Project Manager and a business owner, working mostly with WordPress. My area of specialization is e-commerce, so WooCommerce is my second love. I am also co-organizer and speaker of WordPress Meetup Kaunas, co-organizer of WordCamp Lithuania, a founding &amp; current board member of Lithuanian WordPress users association KodoPoetai.lt, Locale Manager &amp; GTE of lt_LT at WordPress.org, translator and validator of lt_LT at WordPress.com. Last, but not least, I am a Mom of two amazing kids! I am crazy about cats, baking, classic rock music, red color and all things geek. I am always positive, optimistic, curious and too much talking (even when playing poker).<\/p>\n\t\t\t\t<\/div>\n\t\t\t<\/div>\n\n\t\t\n\t\t\t<!-- Organizers note: The id attribute is deprecated and only remains for backwards compatibility, please use the corresponding class to target individual speakers -->\n\t\t\t<div id=\"wcorg-speaker-peteris-jurcenko\" class=\"wcorg-speaker wcorg-speaker-peteris-jurcenko wcorg-track-development\">\n\t\t\t\t<h2>\n\t\t\t\t\t\n\t\t\t\t\t\tP\u0113teris Jur\u010denko\n\t\t\t\t\t\t\t\t\t<\/h2>\n\n\t\t\t\t<div class=\"wcorg-speaker-description\">\n\t\t\t\t\t<img alt='' src='https:\/\/secure.gravatar.com\/avatar\/98a1fe6549e0b52292b02b6597fc4496d557adc262b08ccf47fa650303d09191?s=100&#038;d=mm&#038;r=g' srcset='https:\/\/secure.gravatar.com\/avatar\/98a1fe6549e0b52292b02b6597fc4496d557adc262b08ccf47fa650303d09191?s=200&#038;d=mm&#038;r=g 2x' class='avatar avatar-100 photo' height='100' width='100' \/>\t\t\t\t\t<p>Topic:\u00a0<strong>Responsive charts in WordPress<\/strong><\/p>\n<p>Devoted UX (User Experience) designer, who strongly believes in the necessity of user-friendly websites, with a 10 year experience in the field of information technology and service.<\/p>\n<p>I enjoy constantly learning something new and making sure that my team does it as well. Building my coworker competence and qualification in their field I consider to be one of my biggest day-to-day tasks.<\/p>\n<p>As an acknowledged UX expert in Latvia for more than 5 years, I evangelise the importance of a user and manage to educate not just my clients, but the Latvian society as such.<\/p>\n<p>At WordCamp Riga he will speak about data visualisation and responsive charts.<\/p>\n\t\t\t\t<\/div>\n\t\t\t<\/div>\n\n\t\t\n\t\t\t<!-- Organizers note: The id attribute is deprecated and only remains for backwards compatibility, please use the corresponding class to target individual speakers -->\n\t\t\t<div id=\"wcorg-speaker-jevgenijs-jeff-tihonovs\" class=\"wcorg-speaker wcorg-speaker-jevgenijs-jeff-tihonovs wcorg-track-business-and-inspirational\">\n\t\t\t\t<h2>\n\t\t\t\t\t\n\t\t\t\t\t\tJevgenijs (Jeff) Tihonovs\n\t\t\t\t\t\t\t\t\t<\/h2>\n\n\t\t\t\t<div class=\"wcorg-speaker-description\">\n\t\t\t\t\t<img alt='' src='https:\/\/secure.gravatar.com\/avatar\/7e66fca68f566c584ee002a7ae4abac068b22f76beb12d78038046c5bc86c93e?s=100&#038;d=mm&#038;r=g' srcset='https:\/\/secure.gravatar.com\/avatar\/7e66fca68f566c584ee002a7ae4abac068b22f76beb12d78038046c5bc86c93e?s=200&#038;d=mm&#038;r=g 2x' class='avatar avatar-100 photo' height='100' width='100' \/>\t\t\t\t\t<p>Topic:\u00a0<strong>Communication across generations<\/strong><\/p>\n<p>Currently, there are 3 most economically active generations out there. X&#8217;es, Y&#8217;es and Z&#8217;s. Every generation is used to their preferred communication method and that becomes an issue for the whole corporate website community. I&#8217;m going to talk about several methods on how to combine various communication methods in one website and connect virtual world with real.<\/p>\n<p>I&#8217;m with WordPress for a while and most of the time was a power user but without any IT background. Now I&#8217;m co-founder of It company in Delaware.<\/p>\n\t\t\t\t<\/div>\n\t\t\t<\/div>\n\n\t\t\n\t<\/div>\n\n\t\n","protected":false},"excerpt":{"rendered":"","protected":false},"author":14679296,"featured_media":0,"parent":0,"menu_order":0,"comment_status":"closed","ping_status":"closed","template":"","meta":{"_crdt_document":"","jetpack_post_was_ever_published":false,"footnotes":""},"class_list":["post-528","page","type-page","status-publish","hentry"],"jetpack_sharing_enabled":true,"jetpack_shortlink":"https:\/\/wp.me\/P93X6U-8w","_links":{"self":[{"href":"https:\/\/riga.wordcamp.org\/2017\/wp-json\/wp\/v2\/pages\/528","targetHints":{"allow":["GET"]}}],"collection":[{"href":"https:\/\/riga.wordcamp.org\/2017\/wp-json\/wp\/v2\/pages"}],"about":[{"href":"https:\/\/riga.wordcamp.org\/2017\/wp-json\/wp\/v2\/types\/page"}],"author":[{"embeddable":true,"href":"https:\/\/riga.wordcamp.org\/2017\/wp-json\/wp\/v2\/users\/14679296"}],"replies":[{"embeddable":true,"href":"https:\/\/riga.wordcamp.org\/2017\/wp-json\/wp\/v2\/comments?post=528"}],"version-history":[{"count":1,"href":"https:\/\/riga.wordcamp.org\/2017\/wp-json\/wp\/v2\/pages\/528\/revisions"}],"predecessor-version":[{"id":530,"href":"https:\/\/riga.wordcamp.org\/2017\/wp-json\/wp\/v2\/pages\/528\/revisions\/530"}],"wp:attachment":[{"href":"https:\/\/riga.wordcamp.org\/2017\/wp-json\/wp\/v2\/media?parent=528"}],"curies":[{"name":"wp","href":"https:\/\/api.w.org\/{rel}","templated":true}]}}