{"id":11,"date":"2017-08-10T12:06:32","date_gmt":"2017-08-10T12:06:32","guid":{"rendered":"https:\/\/2017.riga.wordcamp.org\/location\/"},"modified":"2017-10-18T17:15:39","modified_gmt":"2017-10-18T14:15:39","slug":"location","status":"publish","type":"page","link":"https:\/\/riga.wordcamp.org\/2017\/location\/","title":{"rendered":"Location"},"content":{"rendered":"<p>WordCamp Riga will be held on <strong>25th and 26th of November 2017<\/strong> in Riga in the impressive building of:<\/p>\n<p>Latvijas Universit\u0101tes Dabaszin\u0101t\u0146u akad\u0113miskais centrs Tor\u0146akaln\u0101<br \/>\nJelgavas iela 1<br \/>\nR\u012bga<\/p>\n<p><img loading=\"lazy\" decoding=\"async\" class=\"alignnone wp-image-241 size-full\" src=\"https:\/\/2017.riga.wordcamp.org\/files\/2017\/08\/foto-01.jpg\" alt=\"Location of WordCamp Riga 2017\" width=\"630\" height=\"248\" srcset=\"https:\/\/riga.wordcamp.org\/2017\/files\/2017\/08\/foto-01.jpg 630w, https:\/\/riga.wordcamp.org\/2017\/files\/2017\/08\/foto-01-300x118.jpg 300w, https:\/\/riga.wordcamp.org\/2017\/files\/2017\/08\/foto-01-500x197.jpg 500w\" sizes=\"auto, (max-width: 630px) 100vw, 630px\" \/><\/p>\n<p>&nbsp;<\/p>\n<p>The location is just opposite the old town on the other side of the river, a few 100 meters behind the building of the National Library.<\/p>\n<p>&nbsp;<\/p>\n<p>&nbsp;<\/p>\n<div class=\"googlemaps\">\n\t\t\t\t<iframe loading=\"lazy\" width=\"620\" height=\"500\" frameborder=\"0\" scrolling=\"no\" marginheight=\"0\" marginwidth=\"0\"  src=\"https:\/\/www.google.com\/maps\/embed?pb=!1m14!1m8!1m3!1d8705.80697354735!2d24.094018041247537!3d56.941061264458234!3m2!1i1024!2i768!4f13.1!3m3!1m2!1s0x0:0x2a62f2cbabf645a4!2sLatvijas%20Universit\u0101tes%20Dabaszin\u0101t\u0146u%20akad\u0113miskais%20centrs!5e0!3m2!1sde!2slv!4v1507720960594\"><\/iframe>\n\t\t\t<\/div>\n<p>&nbsp;<\/p>\n<p>Here a virtual tour through the building:\u00a0<a href=\"http:\/\/www.tornakalns.lv\/virtuala-ture\/\" target=\"_blank\" rel=\"noopener\">http:\/\/www.tornakalns.lv\/virtuala-ture\/<\/a><\/p>\n<p>&nbsp;<\/p>\n","protected":false},"excerpt":{"rendered":"<p>WordCamp Riga will be held on 25th and 26th of November 2017 in Riga in the impressive building of: Latvijas Universit\u0101tes Dabaszin\u0101t\u0146u akad\u0113miskais centrs Tor\u0146akaln\u0101 Jelgavas iela 1 R\u012bga &nbsp; The location is just opposite the old town on the other side of the river, a few 100 meters behind the building of the National &hellip; <a href=\"https:\/\/riga.wordcamp.org\/2017\/location\/\" class=\"more-link\">Continue reading <span class=\"screen-reader-text\">Location<\/span><\/a><\/p>\n","protected":false},"author":14679296,"featured_media":0,"parent":0,"menu_order":0,"comment_status":"closed","ping_status":"closed","template":"","meta":{"_crdt_document":"","jetpack_post_was_ever_published":false,"footnotes":""},"class_list":["post-11","page","type-page","status-publish","hentry"],"jetpack_sharing_enabled":true,"jetpack_shortlink":"https:\/\/wp.me\/P93X6U-b","_links":{"self":[{"href":"https:\/\/riga.wordcamp.org\/2017\/wp-json\/wp\/v2\/pages\/11","targetHints":{"allow":["GET"]}}],"collection":[{"href":"https:\/\/riga.wordcamp.org\/2017\/wp-json\/wp\/v2\/pages"}],"about":[{"href":"https:\/\/riga.wordcamp.org\/2017\/wp-json\/wp\/v2\/types\/page"}],"author":[{"embeddable":true,"href":"https:\/\/riga.wordcamp.org\/2017\/wp-json\/wp\/v2\/users\/14679296"}],"replies":[{"embeddable":true,"href":"https:\/\/riga.wordcamp.org\/2017\/wp-json\/wp\/v2\/comments?post=11"}],"version-history":[{"count":11,"href":"https:\/\/riga.wordcamp.org\/2017\/wp-json\/wp\/v2\/pages\/11\/revisions"}],"predecessor-version":[{"id":495,"href":"https:\/\/riga.wordcamp.org\/2017\/wp-json\/wp\/v2\/pages\/11\/revisions\/495"}],"wp:attachment":[{"href":"https:\/\/riga.wordcamp.org\/2017\/wp-json\/wp\/v2\/media?parent=11"}],"curies":[{"name":"wp","href":"https:\/\/api.w.org\/{rel}","templated":true}]}}