{"id":97,"date":"2016-07-24T00:06:44","date_gmt":"2016-07-23T21:06:44","guid":{"rendered":"https:\/\/2016.riga.wordcamp.org\/?page_id=97"},"modified":"2016-08-01T16:54:21","modified_gmt":"2016-08-01T13:54:21","slug":"latviski","status":"publish","type":"page","link":"https:\/\/riga.wordcamp.org\/2016\/latviski\/","title":{"rendered":"Latviski"},"content":{"rendered":"<p style=\"text-align: justify\">WordPress ir atv\u0113rt\u0113 koda sist\u0113ma, kas \u013cauj bez maksas veidot m\u0101jas lapas. T\u0101 ir viena no popul\u0101r\u0101kaj\u0101m satura administr\u0101cijas sist\u0113m\u0101m pasaul\u0113. Katru gadu vair\u0101k\u0101s\u00a0pasaules pils\u0113t\u0101s pulc\u0113jas WordPress entuziasti un kop\u012bgu pas\u0101kumu, ko sauc par Wordcamp. 2016. gad\u0101 pirmo reizi WordPress Wordcamp pas\u0101kums tiek organiz\u0113ts ar\u012b Latvij\u0101.<\/p>\n<p style=\"text-align: justify\"><strong>Tev noteikti j\u0101piedal\u0101s, ja<\/strong> zini, kas ir WordPress. Tu vari pal\u012bdz\u0113t gan k\u0101 <a href=\"https:\/\/2016.riga.wordcamp.org\/contact\/\">br\u012bvpr\u0101t\u012bgais<\/a>, gan <a href=\"https:\/\/2016.riga.wordcamp.org\/call-for-sponsors\/\">sponsors<\/a>, gan ar\u012b <a href=\"https:\/\/2016.riga.wordcamp.org\/call-for-speakers\/\">run\u0101t\u0101js<\/a>.<\/p>\n<p style=\"text-align: justify\"><strong>Tev noteikti j\u0101piedal\u0101s, ja<\/strong> nezini, kas ir WordPress, bet Tevi interes\u0113 m\u0101jas lapu veido\u0161ana.<\/p>\n","protected":false},"excerpt":{"rendered":"<p>WordPress ir atv\u0113rt\u0113 koda sist\u0113ma, kas \u013cauj bez maksas veidot m\u0101jas lapas. T\u0101 ir viena no popul\u0101r\u0101kaj\u0101m satura administr\u0101cijas sist\u0113m\u0101m pasaul\u0113. Katru gadu vair\u0101k\u0101s\u00a0pasaules pils\u0113t\u0101s pulc\u0113jas WordPress entuziasti un kop\u012bgu pas\u0101kumu, ko sauc par Wordcamp. 2016. gad\u0101 pirmo reizi WordPress &hellip; <a href=\"https:\/\/riga.wordcamp.org\/2016\/latviski\/\">Continue reading <span class=\"assistive-text\">Latviski<\/span>  <span class=\"meta-nav\">&rarr;<\/span><\/a><\/p>\n","protected":false},"author":8800898,"featured_media":0,"parent":0,"menu_order":0,"comment_status":"closed","ping_status":"closed","template":"","meta":{"_crdt_document":"","jetpack_post_was_ever_published":false,"footnotes":""},"class_list":["post-97","page","type-page","status-publish","hentry"],"jetpack_sharing_enabled":true,"jetpack_shortlink":"https:\/\/wp.me\/P78XXL-1z","_links":{"self":[{"href":"https:\/\/riga.wordcamp.org\/2016\/wp-json\/wp\/v2\/pages\/97","targetHints":{"allow":["GET"]}}],"collection":[{"href":"https:\/\/riga.wordcamp.org\/2016\/wp-json\/wp\/v2\/pages"}],"about":[{"href":"https:\/\/riga.wordcamp.org\/2016\/wp-json\/wp\/v2\/types\/page"}],"author":[{"embeddable":true,"href":"https:\/\/riga.wordcamp.org\/2016\/wp-json\/wp\/v2\/users\/8800898"}],"replies":[{"embeddable":true,"href":"https:\/\/riga.wordcamp.org\/2016\/wp-json\/wp\/v2\/comments?post=97"}],"version-history":[{"count":5,"href":"https:\/\/riga.wordcamp.org\/2016\/wp-json\/wp\/v2\/pages\/97\/revisions"}],"predecessor-version":[{"id":154,"href":"https:\/\/riga.wordcamp.org\/2016\/wp-json\/wp\/v2\/pages\/97\/revisions\/154"}],"wp:attachment":[{"href":"https:\/\/riga.wordcamp.org\/2016\/wp-json\/wp\/v2\/media?parent=97"}],"curies":[{"name":"wp","href":"https:\/\/api.w.org\/{rel}","templated":true}]}}