{"id":12,"date":"2016-01-19T12:46:29","date_gmt":"2016-01-19T12:46:29","guid":{"rendered":"https:\/\/2016.riga.wordcamp.org\/organizers\/"},"modified":"2016-08-19T06:03:29","modified_gmt":"2016-08-19T03:03:29","slug":"organizers","status":"publish","type":"page","link":"https:\/\/riga.wordcamp.org\/2016\/organizers\/","title":{"rendered":"Organizers"},"content":{"rendered":"\t<div class=\"wcorg-organizers\">\n\n\t\t\n\t\t\t<div class=\"wcorg-organizer\">\n\t\t\t\t<h2>Agate Me\u017eule<\/h2>\n\t\t\t\t<div class=\"wcorg-organizer-description\">\n\t\t\t\t\t\t\t\t\t\t<img alt='' src='https:\/\/secure.gravatar.com\/avatar\/d87485db1a468b92bba1e93f2180348f9351235d4de34cb6df34ff5cd2da4875?s=120&#038;d=mm&#038;r=g' srcset='https:\/\/secure.gravatar.com\/avatar\/d87485db1a468b92bba1e93f2180348f9351235d4de34cb6df34ff5cd2da4875?s=240&#038;d=mm&#038;r=g 2x' class='avatar avatar-120 photo' height='120' width='120' \/>\t\t\t\t\t<div dir=\"ltr\">\n<div>Agate is very much looking forward to getting to know WordPress a lot better as shes has had very little experience with it so far and she feels that organizing an event like this one would be a great first step towards doing so. In her time away from event organizing she likes to keep herself busy by freelancing as a photographer and a video editor.<\/div>\n<\/div>\n\t\t\t\t<\/div>\n\t\t\t<\/div>\n\n\t\t\n\t\t\t<div class=\"wcorg-organizer\">\n\t\t\t\t<h2>Una Endzi\u0146a<\/h2>\n\t\t\t\t<div class=\"wcorg-organizer-description\">\n\t\t\t\t\t\t\t\t\t\t<img alt='' src='https:\/\/secure.gravatar.com\/avatar\/3174751b7bbc77802dd3f8d8df89d023f11fc42c73a8566a772e00c088ceeb19?s=120&#038;d=mm&#038;r=g' srcset='https:\/\/secure.gravatar.com\/avatar\/3174751b7bbc77802dd3f8d8df89d023f11fc42c73a8566a772e00c088ceeb19?s=240&#038;d=mm&#038;r=g 2x' class='avatar avatar-120 photo' height='120' width='120' \/>\t\t\t\t\t<p>Una\u00a0is Web designer, WordPress developer and initiator of WordCamp Riga. \u00a0She\u00a0loves WordPress and wants to contribute to the community in a way that will make an impact.<\/p>\n\t\t\t\t<\/div>\n\t\t\t<\/div>\n\n\t\t\n\t\t\t<div class=\"wcorg-organizer\">\n\t\t\t\t<h2>Frank Leusing<\/h2>\n\t\t\t\t<div class=\"wcorg-organizer-description\">\n\t\t\t\t\t\t\t\t\t\t<img alt='' src='https:\/\/secure.gravatar.com\/avatar\/8d6e747d6d2dbac750c7522a46298a01ef3b6a794af0f7c6dcad35bf3ba0ed4b?s=120&#038;d=mm&#038;r=g' srcset='https:\/\/secure.gravatar.com\/avatar\/8d6e747d6d2dbac750c7522a46298a01ef3b6a794af0f7c6dcad35bf3ba0ed4b?s=240&#038;d=mm&#038;r=g 2x' class='avatar avatar-120 photo' height='120' width='120' \/>\t\t\t\t\t<p>Frank\u00a0is Web designer and WordPress developer based in Germany and in Latvia. As co-initiator of WordCamp Riga he wants to help to build \u00a0international connections for the Latvian WordPress community. <a href=\"http:\/\/leusing.de\/news\" target=\"_blank\">www.Leusing.de<\/a><\/p>\n\t\t\t\t<\/div>\n\t\t\t<\/div>\n\n\t\t\n\t\t\t<div class=\"wcorg-organizer\">\n\t\t\t\t<h2>P\u0113teris Jur\u010denko<\/h2>\n\t\t\t\t<div class=\"wcorg-organizer-description\">\n\t\t\t\t\t\t\t\t\t\t<img alt='' src='https:\/\/secure.gravatar.com\/avatar\/98a1fe6549e0b52292b02b6597fc4496d557adc262b08ccf47fa650303d09191?s=120&#038;d=mm&#038;r=g' srcset='https:\/\/secure.gravatar.com\/avatar\/98a1fe6549e0b52292b02b6597fc4496d557adc262b08ccf47fa650303d09191?s=240&#038;d=mm&#038;r=g 2x' class='avatar avatar-120 photo' height='120' width='120' \/>\t\t\t\t\t\t\t\t\t<\/div>\n\t\t\t<\/div>\n\n\t\t\n\t\t\t<div class=\"wcorg-organizer\">\n\t\t\t\t<h2>Ieva Treija<\/h2>\n\t\t\t\t<div class=\"wcorg-organizer-description\">\n\t\t\t\t\t\t\t\t\t\t<img alt='' src='https:\/\/secure.gravatar.com\/avatar\/2a188eea87c95f17aa996b9c3de9e1f6afec36c3bc42a3909b08a81a81c72f69?s=120&#038;d=mm&#038;r=g' srcset='https:\/\/secure.gravatar.com\/avatar\/2a188eea87c95f17aa996b9c3de9e1f6afec36c3bc42a3909b08a81a81c72f69?s=240&#038;d=mm&#038;r=g 2x' class='avatar avatar-120 photo' height='120' width='120' \/>\t\t\t\t\t<p>Marketing expert with 5+ years experience with WordPress. Responsible for WordPress WordCamp Riga 2016 publicity.<\/p>\n<p>&nbsp;<\/p>\n\t\t\t\t<\/div>\n\t\t\t<\/div>\n\n\t\t\n\t\t\t<div class=\"wcorg-organizer\">\n\t\t\t\t<h2>Kristi\u0101na \u0160t\u0101la<\/h2>\n\t\t\t\t<div class=\"wcorg-organizer-description\">\n\t\t\t\t\t\t\t\t\t\t<img alt='' src='https:\/\/secure.gravatar.com\/avatar\/4b46536d53d31818578f20b1e1abc3dd0fb446502501a04addd93db17ed21d06?s=120&#038;d=mm&#038;r=g' srcset='https:\/\/secure.gravatar.com\/avatar\/4b46536d53d31818578f20b1e1abc3dd0fb446502501a04addd93db17ed21d06?s=240&#038;d=mm&#038;r=g 2x' class='avatar avatar-120 photo' height='120' width='120' \/>\t\t\t\t\t<p>Kristiana has been in open relationship with WordPress for around ten years now. It has gotten serious in the past four years, when both companies she worked at used WordPress. For the past two years Kristiana and WordPress have taken it to next level and spent together almost every day. She even once spoke at a meetup in Riga why WordPress is so great. This is first WordCamp not just for Riga and WordPress community in Latvia, but also for Kristiana and she is very excited. In her free time she enjoys walking with her dog Max and freelancing as a copywritter and event organizer.<\/p>\n<p>She&#8217;s also sort of active on <a href=\"https:\/\/twitter.com\/nebijacitavarda\">Twitter<\/a> and likes to connect with people on <a href=\"https:\/\/lv.linkedin.com\/in\/kristianastala\">LinkedIn<\/a>.<\/p>\n\t\t\t\t<\/div>\n\t\t\t<\/div>\n\n\t\t\n\t<\/div><!-- .wcorg-organizers -->\n\t\n","protected":false},"excerpt":{"rendered":"","protected":false},"author":8800898,"featured_media":0,"parent":0,"menu_order":0,"comment_status":"closed","ping_status":"closed","template":"","meta":{"_crdt_document":"","jetpack_post_was_ever_published":false,"footnotes":""},"class_list":["post-12","page","type-page","status-publish","hentry"],"jetpack_sharing_enabled":true,"jetpack_shortlink":"https:\/\/wp.me\/P78XXL-c","_links":{"self":[{"href":"https:\/\/riga.wordcamp.org\/2016\/wp-json\/wp\/v2\/pages\/12","targetHints":{"allow":["GET"]}}],"collection":[{"href":"https:\/\/riga.wordcamp.org\/2016\/wp-json\/wp\/v2\/pages"}],"about":[{"href":"https:\/\/riga.wordcamp.org\/2016\/wp-json\/wp\/v2\/types\/page"}],"author":[{"embeddable":true,"href":"https:\/\/riga.wordcamp.org\/2016\/wp-json\/wp\/v2\/users\/8800898"}],"replies":[{"embeddable":true,"href":"https:\/\/riga.wordcamp.org\/2016\/wp-json\/wp\/v2\/comments?post=12"}],"version-history":[{"count":2,"href":"https:\/\/riga.wordcamp.org\/2016\/wp-json\/wp\/v2\/pages\/12\/revisions"}],"predecessor-version":[{"id":275,"href":"https:\/\/riga.wordcamp.org\/2016\/wp-json\/wp\/v2\/pages\/12\/revisions\/275"}],"wp:attachment":[{"href":"https:\/\/riga.wordcamp.org\/2016\/wp-json\/wp\/v2\/media?parent=12"}],"curies":[{"name":"wp","href":"https:\/\/api.w.org\/{rel}","templated":true}]}}