{"id":10,"date":"2016-01-19T12:46:28","date_gmt":"2016-01-19T12:46:28","guid":{"rendered":"https:\/\/2016.riga.wordcamp.org\/sponsors\/"},"modified":"2016-08-24T14:27:43","modified_gmt":"2016-08-24T11:27:43","slug":"sponsors","status":"publish","type":"page","link":"https:\/\/riga.wordcamp.org\/2016\/sponsors\/","title":{"rendered":"Sponsors"},"content":{"rendered":"<p style=\"text-align: justify\">WordCamp Riga is a community run event, created\u00a0by the community, for the community, and funded by the community. The entire event wouldn\u2019t be possible without the support of businesses in our community who benefit from WordPress, such as those below. If you are interested in sponsoring, please take a look at\u00a0our <a href=\"https:\/\/2016.riga.wordcamp.org\/call-for-sponsors\/\" rel=\"nofollow\">Sponsor Packages<\/a>.<\/p>\n<p style=\"text-align: justify\">It would not be possible to have WordCamp Riga without these wonderful sponsors who are choosing to support the WordPress community.<\/p>\n\n\t<div class=\"wcorg-sponsors\">\n\t\t\n\t\t\t<div class=\"wcorg-sponsor-level-diamond\">\n\t\t\t\t<h2>Diamond<\/h2>\n\n\t\t\t\t\n\t\t\t\t\t<div id=\"wcorg-sponsor-162\" class=\"wcorg-sponsor\">\n\t\t\t\t\t\t\t\t\t\t\t\t\t\t\t\t\t\t\t\t\t<h3>\n\t\t\t\t\t\t\t\t\tWooCommerce\t\t\t\t\t\t\t\t<\/h3>\n\t\t\t\t\t\t\t\t\t\t\t\t\t\n\t\t\t\t\t\t<div class=\"wcorg-sponsor-description\">\n\t\t\t\t\t\t\t\t\t\t\t\t\t\t\t<img loading=\"lazy\" decoding=\"async\" width=\"432\" height=\"87\" src=\"https:\/\/riga.wordcamp.org\/2016\/files\/2016\/08\/woocommerce_logo.png\" class=\"attachment-wcb-sponsor-logo-horizontal-2x size-wcb-sponsor-logo-horizontal-2x wp-post-image\" alt=\"WooCommerce\" srcset=\"https:\/\/riga.wordcamp.org\/2016\/files\/2016\/08\/woocommerce_logo.png 432w, https:\/\/riga.wordcamp.org\/2016\/files\/2016\/08\/woocommerce_logo-300x60.png 300w\" sizes=\"auto, (max-width: 432px) 100vw, 432px\" \/>\t\t\t\t\t\t\t\n\t\t\t\t\t\t\t\t\t\t\t\t\t\t\t<p>WooCommerce is the fastest growing eCommerce software\/platform, powering over 30% of all eCommerce stores with over 1 million active installations. It is is built to integrate seamlessly with WordPress, making it the obvious eCommerce choice for existing WordPress users and connects you to the fast-growing WordPress ecosystem which now powers over 25% of all websites on the internet.<\/p>\n<p>With WooCommerce you can start with all the basic tools that any small business would need to start selling online, including product setup, payments, shipping options, and sales reports and as your business grows choose from over 300 premium add-ons available including additional payment processors, shipping methods, inventory systems and marketing tools anyone to sell anything, anywhere from real products and digital downloads to subscriptions, content and even your time.<\/p>\n<p>In July 2015, WooCommerce was acquired by Automattic, the creators of <a href=\"https:\/\/wordpress.com\" target=\"_blank\" rel=\"nofollow\">WordPress.com<\/a> which serves more than 15.8 billion pages a month and also the creators of other popular WordPress services including Akismet, Jetpack, and VaultPress. We look forward to growing WooCommerce to achieve even greater things together with Automattic.<\/p>\n\t\t\t\t\t\t\t\t\t\t\t\t\t<\/div>\n\t\t\t\t\t<\/div><!-- #sponsor -->\n\t\t\t\t\n\t\t\t\t\t<div id=\"wcorg-sponsor-346\" class=\"wcorg-sponsor\">\n\t\t\t\t\t\t\t\t\t\t\t\t\t\t\t\t\t\t\t\t\t<h3>\n\t\t\t\t\t\t\t\t\tJetpack\t\t\t\t\t\t\t\t<\/h3>\n\t\t\t\t\t\t\t\t\t\t\t\t\t\n\t\t\t\t\t\t<div class=\"wcorg-sponsor-description\">\n\t\t\t\t\t\t\t\t\t\t\t\t\t\t\t<img loading=\"lazy\" decoding=\"async\" width=\"940\" height=\"198\" src=\"https:\/\/riga.wordcamp.org\/2016\/files\/2016\/08\/jetpack-horizontal-white-bg-940x198.png\" class=\"attachment-wcb-sponsor-logo-horizontal-2x size-wcb-sponsor-logo-horizontal-2x wp-post-image\" alt=\"Jetpack\" srcset=\"https:\/\/riga.wordcamp.org\/2016\/files\/2016\/08\/jetpack-horizontal-white-bg-940x198.png 940w, https:\/\/riga.wordcamp.org\/2016\/files\/2016\/08\/jetpack-horizontal-white-bg-940x198-300x63.png 300w, https:\/\/riga.wordcamp.org\/2016\/files\/2016\/08\/jetpack-horizontal-white-bg-940x198-768x162.png 768w, https:\/\/riga.wordcamp.org\/2016\/files\/2016\/08\/jetpack-horizontal-white-bg-940x198-500x105.png 500w\" sizes=\"auto, (max-width: 940px) 100vw, 940px\" \/>\t\t\t\t\t\t\t\n\t\t\t\t\t\t\t\t\t\t\t\t\t\t\t<p>Jetpack is a free WordPress plugin that simplifies managing your sites. This single plugin enables Photon (a global CDN for images), uptime monitoring, brute force protection, traffic-boosting tools, single sign on, multiple-site management, and automatic or bulk plugin updates. Additionally Jetpack includes several features that help you customize the look and feel of your site without installing other tools. More information can be found at <a href=\"http:\/\/jetpack.me\/\" rel=\"nofollow\">jetpack.com<\/a>.<\/p>\n\t\t\t\t\t\t\t\t\t\t\t\t\t<\/div>\n\t\t\t\t\t<\/div><!-- #sponsor -->\n\t\t\t\t\t\t\t<\/div><!-- .wcorg-sponsor-level -->\n\t\t\n\t\t\t<div class=\"wcorg-sponsor-level-platinum\">\n\t\t\t\t<h2>Platinum<\/h2>\n\n\t\t\t\t\n\t\t\t\t\t<div id=\"wcorg-sponsor-342\" class=\"wcorg-sponsor\">\n\t\t\t\t\t\t\t\t\t\t\t\t\t\t\t\t\t\t\t\t\t<h3>\n\t\t\t\t\t\t\t\t\tGoDaddy\t\t\t\t\t\t\t\t<\/h3>\n\t\t\t\t\t\t\t\t\t\t\t\t\t\n\t\t\t\t\t\t<div class=\"wcorg-sponsor-description\">\n\t\t\t\t\t\t\t\t\t\t\t\t\t\t\t<img loading=\"lazy\" decoding=\"async\" width=\"600\" height=\"198\" src=\"https:\/\/riga.wordcamp.org\/2016\/files\/2016\/08\/GoDaddy_Pro_transparent-600x198.png\" class=\"attachment-wcb-sponsor-logo-horizontal-2x size-wcb-sponsor-logo-horizontal-2x wp-post-image\" alt=\"GoDaddy\" srcset=\"https:\/\/riga.wordcamp.org\/2016\/files\/2016\/08\/GoDaddy_Pro_transparent-600x198.png 600w, https:\/\/riga.wordcamp.org\/2016\/files\/2016\/08\/GoDaddy_Pro_transparent-600x198-300x99.png 300w, https:\/\/riga.wordcamp.org\/2016\/files\/2016\/08\/GoDaddy_Pro_transparent-600x198-500x165.png 500w\" sizes=\"auto, (max-width: 600px) 100vw, 600px\" \/>\t\t\t\t\t\t\t\n\t\t\t\t\t\t\t\t\t\t\t\t\t\t\t<p>GoDaddy\u2019s mission is to radically shift the global economy toward small businesses by empowering people to easily start, confidently grow and successfully run their own ventures. With more than 12 million customers worldwide and 57 million domain names under management, GoDaddy gives small business owners the tools to name their idea, build a beautiful online presence, attract customers and manage their business.<\/p>\n\t\t\t\t\t\t\t\t\t\t\t\t\t<\/div>\n\t\t\t\t\t<\/div><!-- #sponsor -->\n\t\t\t\t\n\t\t\t\t\t<div id=\"wcorg-sponsor-354\" class=\"wcorg-sponsor\">\n\t\t\t\t\t\t\t\t\t\t\t\t\t\t\t\t\t\t\t\t\t<h3>\n\t\t\t\t\t\t\t\t\tBluehost\t\t\t\t\t\t\t\t<\/h3>\n\t\t\t\t\t\t\t\t\t\t\t\t\t\n\t\t\t\t\t\t<div class=\"wcorg-sponsor-description\">\n\t\t\t\t\t\t\t\t\t\t\t\t\t\t\t<img loading=\"lazy\" decoding=\"async\" width=\"651\" height=\"137\" src=\"https:\/\/riga.wordcamp.org\/2016\/files\/2016\/08\/bh_logo_2015.png\" class=\"attachment-wcb-sponsor-logo-horizontal-2x size-wcb-sponsor-logo-horizontal-2x wp-post-image\" alt=\"Bluehost\" srcset=\"https:\/\/riga.wordcamp.org\/2016\/files\/2016\/08\/bh_logo_2015.png 651w, https:\/\/riga.wordcamp.org\/2016\/files\/2016\/08\/bh_logo_2015-300x63.png 300w, https:\/\/riga.wordcamp.org\/2016\/files\/2016\/08\/bh_logo_2015-500x105.png 500w\" sizes=\"auto, (max-width: 651px) 100vw, 651px\" \/>\t\t\t\t\t\t\t\n\t\t\t\t\t\t\t\t\t\t\t\t\t\t\t<p><a href=\"https:\/\/www.bluehost.com\/\" rel=\"nofollow\">Bluehost<\/a> has been a WordPress partner since 2005 and powers over 1 million WordPress sites worldwide. Their objective is to help customers, whether novice or pro, create a thriving online presence at an affordable price. With a team of in-house tech experts available 24\/7, Bluehost dedicates time and resources to providing the best support and services in the industry. Join millions of other site owners and see what Bluehost can do for you and your online presence.<\/p>\n\t\t\t\t\t\t\t\t\t\t\t\t\t<\/div>\n\t\t\t\t\t<\/div><!-- #sponsor -->\n\t\t\t\t\t\t\t<\/div><!-- .wcorg-sponsor-level -->\n\t\t\n\t\t\t<div class=\"wcorg-sponsor-level-gold\">\n\t\t\t\t<h2>Gold<\/h2>\n\n\t\t\t\t\n\t\t\t\t\t<div id=\"wcorg-sponsor-349\" class=\"wcorg-sponsor\">\n\t\t\t\t\t\t\t\t\t\t\t\t\t\t\t\t\t\t\t\t\t<h3>\n\t\t\t\t\t\t\t\t\tWPML\t\t\t\t\t\t\t\t<\/h3>\n\t\t\t\t\t\t\t\t\t\t\t\t\t\n\t\t\t\t\t\t<div class=\"wcorg-sponsor-description\">\n\t\t\t\t\t\t\t\t\t\t\t\t\t\t\t<img loading=\"lazy\" decoding=\"async\" width=\"520\" height=\"130\" src=\"https:\/\/riga.wordcamp.org\/2016\/files\/2016\/08\/wpml-tagline-lowres.png\" class=\"attachment-wcb-sponsor-logo-horizontal-2x size-wcb-sponsor-logo-horizontal-2x wp-post-image\" alt=\"WPML\" srcset=\"https:\/\/riga.wordcamp.org\/2016\/files\/2016\/08\/wpml-tagline-lowres.png 520w, https:\/\/riga.wordcamp.org\/2016\/files\/2016\/08\/wpml-tagline-lowres-300x75.png 300w, https:\/\/riga.wordcamp.org\/2016\/files\/2016\/08\/wpml-tagline-lowres-500x125.png 500w\" sizes=\"auto, (max-width: 520px) 100vw, 520px\" \/>\t\t\t\t\t\t\t\n\t\t\t\t\t\t\t\t\t\t\t\t\t\t\t<p><em>(In Latvian)<\/em> WPML spraudnis padara WordPress t\u012bmek\u013ca vietnes daudzvalod\u012bgas! Tas darbojas kop\u0101 ar ke\u0161darbes, SEO un e-komercijas spraud\u0146iem un \u013cauj izveidot piln\u012bb\u0101 daudzvalod\u012bgas vietnes. WPML nodro\u0161ina vienk\u0101r\u0161u emu\u0101ru, k\u0101 ar\u012b korporat\u012bvo un uz\u0146\u0113mumu viet\u0146u darb\u012bbu.<\/p>\n<p>WPML \u013cauj lietot\u0101jiem tulkot vietn\u0113 visu, ieskaitot saturu, izv\u0113lnes, logr\u012bkus un pat dizainu un spraud\u0146u tekstus. WPML nodro\u0161ina vair\u0101k nek\u0101 500 000 komerci\u0101lo t\u012bmek\u013ca viet\u0146u darb\u012bbu vis\u0101 pasaul\u0113.<\/p>\n<p>Pla\u0161\u0101ka inform\u0101cija par daudzvalod\u012bbu ievie\u0161anu ir pieejama atverot WPML.org.<\/p>\n<p><strong>Mekl\u0113jam talant\u012bgus speci\u0101listus! Ja esi programm\u0113t\u0101js, l\u016bdzu sazinies ar mums <a href=\"http:\/\/wpml.org\/home\/were-hiring\/\" rel=\"nofollow\">http:\/\/wpml.org\/home\/were-hiring\/<\/a><\/strong><\/p>\n<div><em>(In English)<\/em> WPML turns WordPress websites multilingual. It works with caching, SEO and E-Commerce plugins, and allows the building of complete multilingual sites. WPML powers simple blogs as well as corporate and enterprise sites.<\/div>\n<p>WPML allows users to translate everything in the site, including content, menus, widgets and even theme and plugin texts. WPML powers over 500,000 commercial websites from all over the world.<\/p>\n<p>More information about going multilingual can be found at\u00a0<a href=\"http:\/\/wpml.org\/\" target=\"_blank\" rel=\"nofollow\">WPML.org<\/a><\/p>\n<p><strong>We are looking for talent. If you are a smart programmer you are welcome to contact us here: <a href=\"http:\/\/wpml.org\/home\/were-hiring\/\" target=\"_blank\" rel=\"nofollow\">http:\/\/wpml.org\/home\/were-hiring\/<\/a>.<\/strong><\/p>\n\t\t\t\t\t\t\t\t\t\t\t\t\t<\/div>\n\t\t\t\t\t<\/div><!-- #sponsor -->\n\t\t\t\t\t\t\t<\/div><!-- .wcorg-sponsor-level -->\n\t\t\n\t\t\t<div class=\"wcorg-sponsor-level-bronze\">\n\t\t\t\t<h2>Bronze<\/h2>\n\n\t\t\t\t\n\t\t\t\t\t<div id=\"wcorg-sponsor-376\" class=\"wcorg-sponsor\">\n\t\t\t\t\t\t\t\t\t\t\t\t\t\t\t\t\t\t\t\t\t<h3>\n\t\t\t\t\t\t\t\t\tStudents&#8217; Council of the University of Latvia\t\t\t\t\t\t\t\t<\/h3>\n\t\t\t\t\t\t\t\t\t\t\t\t\t\n\t\t\t\t\t\t<div class=\"wcorg-sponsor-description\">\n\t\t\t\t\t\t\t\t\t\t\t\t\t\t\t<img loading=\"lazy\" decoding=\"async\" width=\"1783\" height=\"484\" src=\"https:\/\/riga.wordcamp.org\/2016\/files\/2016\/08\/logo_balts2.png\" class=\"attachment-wcb-sponsor-logo-horizontal-2x size-wcb-sponsor-logo-horizontal-2x wp-post-image\" alt=\"Students&#8217; Council of the University of Latvia\" srcset=\"https:\/\/riga.wordcamp.org\/2016\/files\/2016\/08\/logo_balts2.png 1783w, https:\/\/riga.wordcamp.org\/2016\/files\/2016\/08\/logo_balts2-300x81.png 300w, https:\/\/riga.wordcamp.org\/2016\/files\/2016\/08\/logo_balts2-768x208.png 768w, https:\/\/riga.wordcamp.org\/2016\/files\/2016\/08\/logo_balts2-1024x278.png 1024w, https:\/\/riga.wordcamp.org\/2016\/files\/2016\/08\/logo_balts2-500x136.png 500w, https:\/\/riga.wordcamp.org\/2016\/files\/2016\/08\/logo_balts2-1000x271.png 1000w\" sizes=\"auto, (max-width: 1783px) 100vw, 1783px\" \/>\t\t\t\t\t\t\t\n\t\t\t\t\t\t\t\t\t\t\t\t\t\t\t<p>Students&#8217; Council of the University of Latvia (SC UL) is an independent collegial institution, which represents the rights and interests of the students of the University of Latvia.<br \/>\nSC UL is the student representative body that unites student representatives from 13 faculties of the largest university in Latvia. SC UL is actively involved in the university decision making process, being the main promoter of student interests in the educational, social, economic and cultural fields. SC UL actively organizes different kind of events for students to involve them in to decision making process and to increase their sense of belonging to university. SC UL has also partnered in different international projects, for example the \u201cRide for your Rights\u201d project, UNICA conferences, international opinion forum \u201cLinking labor market aspirations with content of Higher education. Youth Perspective\u201d as well as welcomed visitors from all over the world the most recent one being the group of students from Norfolk Academy (USA). More info about the SC UL can be found at www.lusp.lv<\/p>\n\t\t\t\t\t\t\t\t\t\t\t\t\t<\/div>\n\t\t\t\t\t<\/div><!-- #sponsor -->\n\t\t\t\t\n\t\t\t\t\t<div id=\"wcorg-sponsor-359\" class=\"wcorg-sponsor\">\n\t\t\t\t\t\t\t\t\t\t\t\t\t\t\t\t\t\t\t\t\t<h3>\n\t\t\t\t\t\t\t\t\tAcademic Center for Natural Sciences of the University of Latvia\t\t\t\t\t\t\t\t<\/h3>\n\t\t\t\t\t\t\t\t\t\t\t\t\t\n\t\t\t\t\t\t<div class=\"wcorg-sponsor-description\">\n\t\t\t\t\t\t\t\t\t\t\t\t\t\t\t<img loading=\"lazy\" decoding=\"async\" width=\"802\" height=\"801\" src=\"https:\/\/riga.wordcamp.org\/2016\/files\/2016\/08\/XFv55rZY.jpeg\" class=\"attachment-wcb-sponsor-logo-horizontal-2x size-wcb-sponsor-logo-horizontal-2x wp-post-image\" alt=\"Academic Center for Natural Sciences of the University of Latvia\" srcset=\"https:\/\/riga.wordcamp.org\/2016\/files\/2016\/08\/XFv55rZY.jpeg 802w, https:\/\/riga.wordcamp.org\/2016\/files\/2016\/08\/XFv55rZY-150x150.jpeg 150w, https:\/\/riga.wordcamp.org\/2016\/files\/2016\/08\/XFv55rZY-300x300.jpeg 300w, https:\/\/riga.wordcamp.org\/2016\/files\/2016\/08\/XFv55rZY-768x767.jpeg 768w\" sizes=\"auto, (max-width: 802px) 100vw, 802px\" \/>\t\t\t\t\t\t\t\n\t\t\t\t\t\t\t\t\t\t\t\t\t\t\t<p class=\"bold\">Academic Center for Natural Sciences of the University of Latvia (UL ACNS) houses 138 study and research laboratories equipped with modern furniture and technical equipment, including 78 <i>Waldner<\/i> fume cupboards, installed for the first time in a Latvian higher education institution. The <i>Magnum<\/i> auditorium, largest in the UL ACNS, can host up to 300 students. The building also contains a reading room with 130 seats, several amphitheater-type lecture halls and even individual work capsules, enabling students to shut out the outside world and the everyday rush, focusing on new scientific discoveries. Finally, the top floor of the UL ACNS holds four greenhouses, thus providing all the infrastructure necessary for the successful studying of natural sciences.<\/p>\n\t\t\t\t\t\t\t\t\t\t\t\t\t<\/div>\n\t\t\t\t\t<\/div><!-- #sponsor -->\n\t\t\t\t\n\t\t\t\t\t<div id=\"wcorg-sponsor-368\" class=\"wcorg-sponsor\">\n\t\t\t\t\t\t\t\t\t\t\t\t\t\t\t\t\t\t\t\t\t<h3>\n\t\t\t\t\t\t\t\t\tDarbaVieta\t\t\t\t\t\t\t\t<\/h3>\n\t\t\t\t\t\t\t\t\t\t\t\t\t\n\t\t\t\t\t\t<div class=\"wcorg-sponsor-description\">\n\t\t\t\t\t\t\t\t\t\t\t\t\t\t\t<img loading=\"lazy\" decoding=\"async\" width=\"350\" height=\"165\" src=\"https:\/\/riga.wordcamp.org\/2016\/files\/2016\/08\/logo11.png\" class=\"attachment-wcb-sponsor-logo-horizontal-2x size-wcb-sponsor-logo-horizontal-2x wp-post-image\" alt=\"DarbaVieta\" srcset=\"https:\/\/riga.wordcamp.org\/2016\/files\/2016\/08\/logo11.png 350w, https:\/\/riga.wordcamp.org\/2016\/files\/2016\/08\/logo11-300x141.png 300w\" sizes=\"auto, (max-width: 350px) 100vw, 350px\" \/>\t\t\t\t\t\t\t\n\t\t\t\t\t\t\t\t\t\t\t\t\t\t\t<p>DarbaVieta. For work and working. For inspiration and creation.<\/p>\n<p>We are a community of self-employed creatives and doers, who, by sharing space, tables, wi-fi and the coffee machine, also share ideas, resources, contacts, knowledge and advice. Working for ourselves, but being together with others, our work is energized, our ideas develop more courageously and the borders of our opportunities expand.<\/p>\n\t\t\t\t\t\t\t\t\t\t\t\t\t<\/div>\n\t\t\t\t\t<\/div><!-- #sponsor -->\n\t\t\t\t\n\t\t\t\t\t<div id=\"wcorg-sponsor-553\" class=\"wcorg-sponsor\">\n\t\t\t\t\t\t\t\t\t\t\t\t\t\t\t\t\t\t\t\t\t<h3>\n\t\t\t\t\t\t\t\t\tUnitedPress\t\t\t\t\t\t\t\t<\/h3>\n\t\t\t\t\t\t\t\t\t\t\t\t\t\n\t\t\t\t\t\t<div class=\"wcorg-sponsor-description\">\n\t\t\t\t\t\t\t\t\t\t\t\t\t\t\t<img loading=\"lazy\" decoding=\"async\" width=\"282\" height=\"133\" src=\"https:\/\/riga.wordcamp.org\/2016\/files\/2016\/09\/up-logo-druka-zali.png\" class=\"attachment-wcb-sponsor-logo-horizontal-2x size-wcb-sponsor-logo-horizontal-2x wp-post-image\" alt=\"UnitedPress\" \/>\t\t\t\t\t\t\t\n\t\t\t\t\t\t\t\t\t\t\t\t\t\t\t<div dir=\"ltr\">\n<div>\n<div>Printing house UnitedPress provides flexible printing services to customers across its market area of Baltic States, Scandinavia, and Western Europe. Our customers include leading magazine publishers, retail chains and advertising agencies.<\/div>\n<\/div>\n<\/div>\n\t\t\t\t\t\t\t\t\t\t\t\t\t<\/div>\n\t\t\t\t\t<\/div><!-- #sponsor -->\n\t\t\t\t\n\t\t\t\t\t<div id=\"wcorg-sponsor-784\" class=\"wcorg-sponsor\">\n\t\t\t\t\t\t\t\t\t\t\t\t\t\t\t\t\t\t\t\t\t<h3>\n\t\t\t\t\t\t\t\t\tCoca Coca HBC Latvia\t\t\t\t\t\t\t\t<\/h3>\n\t\t\t\t\t\t\t\t\t\t\t\t\t\n\t\t\t\t\t\t<div class=\"wcorg-sponsor-description\">\n\t\t\t\t\t\t\t\t\t\t\t\t\t\t\t<img loading=\"lazy\" decoding=\"async\" width=\"561\" height=\"176\" src=\"https:\/\/riga.wordcamp.org\/2016\/files\/2016\/09\/CCHBC-Country-mark-Latvija-copy.png\" class=\"attachment-wcb-sponsor-logo-horizontal-2x size-wcb-sponsor-logo-horizontal-2x wp-post-image\" alt=\"Coca Coca HBC Latvia\" srcset=\"https:\/\/riga.wordcamp.org\/2016\/files\/2016\/09\/CCHBC-Country-mark-Latvija-copy.png 561w, https:\/\/riga.wordcamp.org\/2016\/files\/2016\/09\/CCHBC-Country-mark-Latvija-copy-300x94.png 300w, https:\/\/riga.wordcamp.org\/2016\/files\/2016\/09\/CCHBC-Country-mark-Latvija-copy-500x157.png 500w\" sizes=\"auto, (max-width: 561px) 100vw, 561px\" \/>\t\t\t\t\t\t\t\n\t\t\t\t\t\t\t\t\t\t\t\t\t\t\t<p>Coca-Cola HBC ir apjoma zi\u0146\u0101 vado\u0161ais uz\u0146\u0113muma Coca-Cola z\u012bmola dz\u0113rienu ra\u017eo\u0161anas uz\u0146\u0113mums. Uz\u0146\u0113mumam ir pla\u0161a \u0123eogr\u0101fisk\u0101 izplat\u012bba; tas darbojas 28 valst\u012bs, kopum\u0101 atspirdzinot 589 miljonus pasaules iedz\u012bvot\u0101ju. Latvij\u0101 uz\u0146\u0113mums Coca-Cola HBC Latvia pied\u0101v\u0101: \u201cCoca-Cola\u201d, \u201cCoca-Cola light\u201d, \u201cCoca-Cola Zero\u201d, \u201cFanta\u201d, \u201cSprite\u201d, \u201cRomerquelle\u201d, \u201cBonaqua\u201d, \u201cSchweppes\u201d, ener\u0123ijas dz\u0113rienu \u201cBurn\u201d un \u201cMonster\u201d, \u201cNestea\u201d ledus t\u0113jas, \u201cCappy\u201d sulas, \u201cCappy Ice Fruit\u201d sulu dz\u0113rienus un \u201cPilskalna kvass\u201d dz\u0113rienu.<\/p>\n<p>Uz\u0146\u0113mums ir ap\u0146\u0113mies veicin\u0101t ilgtsp\u0113j\u012bgu att\u012bst\u012bbu, kas dotu labumu gan uz\u0146\u0113m\u0113jdarb\u012bbai, gan sabiedr\u012bbai. \u0160\u012b nost\u0101ja ietver pat\u0113r\u0113t\u0101ju v\u0113lm\u0113m atbilsto\u0161u dz\u0113rienu pied\u0101v\u0101\u0161anu, atv\u0113rtas darba vides sekm\u0113\u0161anu, un t\u0101du uz\u0146\u0113m\u0113jdarb\u012bbas pieeju izmanto\u0161anu, kas aizsarg\u0101 un saglab\u0101 vidi un dod ieguld\u012bjumu viet\u0113jo kopienu soci\u0101lekonomiskaj\u0101 att\u012bst\u012bb\u0101.<\/p>\n\t\t\t\t\t\t\t\t\t\t\t\t\t<\/div>\n\t\t\t\t\t<\/div><!-- #sponsor -->\n\t\t\t\t\n\t\t\t\t\t<div id=\"wcorg-sponsor-798\" class=\"wcorg-sponsor\">\n\t\t\t\t\t\t\t\t\t\t\t\t\t\t\t\t\t\t\t\t\t<h3>\n\t\t\t\t\t\t\t\t\tFobo\t\t\t\t\t\t\t\t<\/h3>\n\t\t\t\t\t\t\t\t\t\t\t\t\t\n\t\t\t\t\t\t<div class=\"wcorg-sponsor-description\">\n\t\t\t\t\t\t\t\t\t\t\t\t\t\t\t<img loading=\"lazy\" decoding=\"async\" width=\"1240\" height=\"860\" src=\"https:\/\/riga.wordcamp.org\/2016\/files\/2016\/09\/Fobo_momentfoto_logo-copy.png\" class=\"attachment-wcb-sponsor-logo-horizontal-2x size-wcb-sponsor-logo-horizontal-2x wp-post-image\" alt=\"Fobo\" srcset=\"https:\/\/riga.wordcamp.org\/2016\/files\/2016\/09\/Fobo_momentfoto_logo-copy.png 1240w, https:\/\/riga.wordcamp.org\/2016\/files\/2016\/09\/Fobo_momentfoto_logo-copy-300x208.png 300w, https:\/\/riga.wordcamp.org\/2016\/files\/2016\/09\/Fobo_momentfoto_logo-copy-768x533.png 768w, https:\/\/riga.wordcamp.org\/2016\/files\/2016\/09\/Fobo_momentfoto_logo-copy-1024x710.png 1024w, https:\/\/riga.wordcamp.org\/2016\/files\/2016\/09\/Fobo_momentfoto_logo-copy-433x300.png 433w, https:\/\/riga.wordcamp.org\/2016\/files\/2016\/09\/Fobo_momentfoto_logo-copy-1000x694.png 1000w\" sizes=\"auto, (max-width: 1240px) 100vw, 1240px\" \/>\t\t\t\t\t\t\t\n\t\t\t\t\t\t\t\t\t\t\t\t\t\t\t<p>Fobo kl\u0101tb\u016btne sag\u0101d\u0101 prieku jebkur\u0101 pas\u0101kum\u0101. Svin\u0113t un fo\u010d\u0113ties autom\u0101ta priek\u0161\u0101 ir atbr\u012bvojo\u0161i un for\u0161i, bez mulsuma un kauna var poz\u0113t, jokot un starot, un jau p\u0113c 10 sekund\u0113m dab\u016bt analogu, pap\u012bra bildi.<\/p>\n<p>Izmantot Fobo piln\u012bb\u0101 autom\u0101tisko procesu ir \u013coti vienk\u0101r\u0161i:<\/p>\n<ul>\n<li>viesim tas ir viens pogas spiediens, \u010detri uz\u0146\u0113mumi, un bildes pa\u0146em\u0161ana;<\/li>\n<li>organizatoram &#8211; visu pievedam, uzst\u0101d\u0101m, pas\u0101kuma laik\u0101 pieskat\u0101m un beig\u0101s ar\u012b aizvedam.<\/li>\n<\/ul>\n<p>Fobo augstas klases digit\u0101l\u0101 tehnolo\u0123ija nodro\u0161ina, lai pas\u0101kuma viesu fotogr\u0101fijas b\u016btu lab\u0101kaj\u0101 kvalit\u0101t\u0113. Bil\u017eu faili tiek nodoti uzreiz p\u0113c svin\u012bb\u0101m, lai ar tiem dal\u012btos, atcer\u0113tos notikumu un priec\u0101tos v\u0113l ilgi!<\/p>\n<div>Seko mums <a href=\"http:\/\/www.fobo.lv\" target=\"_blank\" rel=\"nofollow\">www.fobo.lv<\/a>\u00a0 un <a href=\"https:\/\/www.facebook.com\/fobo.lv\/\" target=\"_blank\" rel=\"nofollow\">https:\/\/www.facebook.com\/fobo.lv\/<\/a><\/div>\n\t\t\t\t\t\t\t\t\t\t\t\t\t<\/div>\n\t\t\t\t\t<\/div><!-- #sponsor -->\n\t\t\t\t\t\t\t<\/div><!-- .wcorg-sponsor-level -->\n\t\t\t<\/div><!-- .wcorg-sponsors -->\n\n\t\n","protected":false},"excerpt":{"rendered":"<p>WordCamp Riga is a community run event, created\u00a0by the community, for the community, and funded by the community. The entire event wouldn\u2019t be possible without the support of businesses in our community who benefit from WordPress, such as those below. &hellip; <a href=\"https:\/\/riga.wordcamp.org\/2016\/sponsor\/fobo\/\">Continue reading <span class=\"assistive-text\">Fobo<\/span>  <span class=\"meta-nav\">&rarr;<\/span><\/a><\/p>\n","protected":false},"author":8800898,"featured_media":0,"parent":0,"menu_order":0,"comment_status":"closed","ping_status":"closed","template":"","meta":{"_crdt_document":"","jetpack_post_was_ever_published":false,"footnotes":""},"class_list":["post-10","page","type-page","status-publish","hentry"],"jetpack_sharing_enabled":true,"jetpack_shortlink":"https:\/\/wp.me\/P78XXL-a","_links":{"self":[{"href":"https:\/\/riga.wordcamp.org\/2016\/wp-json\/wp\/v2\/pages\/10","targetHints":{"allow":["GET"]}}],"collection":[{"href":"https:\/\/riga.wordcamp.org\/2016\/wp-json\/wp\/v2\/pages"}],"about":[{"href":"https:\/\/riga.wordcamp.org\/2016\/wp-json\/wp\/v2\/types\/page"}],"author":[{"embeddable":true,"href":"https:\/\/riga.wordcamp.org\/2016\/wp-json\/wp\/v2\/users\/8800898"}],"replies":[{"embeddable":true,"href":"https:\/\/riga.wordcamp.org\/2016\/wp-json\/wp\/v2\/comments?post=10"}],"version-history":[{"count":12,"href":"https:\/\/riga.wordcamp.org\/2016\/wp-json\/wp\/v2\/pages\/10\/revisions"}],"predecessor-version":[{"id":345,"href":"https:\/\/riga.wordcamp.org\/2016\/wp-json\/wp\/v2\/pages\/10\/revisions\/345"}],"wp:attachment":[{"href":"https:\/\/riga.wordcamp.org\/2016\/wp-json\/wp\/v2\/media?parent=10"}],"curies":[{"name":"wp","href":"https:\/\/api.w.org\/{rel}","templated":true}]}}